{"id":758,"date":"2022-03-16T11:03:21","date_gmt":"2022-03-16T11:03:21","guid":{"rendered":"https:\/\/sajada-souleyman.com\/cart\/"},"modified":"2022-04-05T20:42:39","modified_gmt":"2022-04-05T20:42:39","slug":"cart","status":"publish","type":"page","link":"https:\/\/sajada-souleyman.com\/en\/cart\/","title":{"rendered":"Cart"},"content":{"rendered":"\t\t<div data-elementor-type=\"wp-page\" data-elementor-id=\"758\" class=\"elementor elementor-758 elementor-10\" data-elementor-post-type=\"page\">\n\t\t\t\t\t\t<section class=\"elementor-section elementor-top-section elementor-element elementor-element-73320fa7 elementor-section-boxed elementor-section-height-default elementor-section-height-default\" data-id=\"73320fa7\" data-element_type=\"section\" data-e-type=\"section\">\n\t\t\t\t\t\t<div class=\"elementor-container elementor-column-gap-default\">\n\t\t\t\t\t<div class=\"elementor-column elementor-col-100 elementor-top-column elementor-element elementor-element-2948291a\" data-id=\"2948291a\" data-element_type=\"column\" data-e-type=\"column\">\n\t\t\t<div class=\"elementor-widget-wrap elementor-element-populated\">\n\t\t\t\t\t\t<div class=\"elementor-element elementor-element-7c9e8dd elementor-widget elementor-widget-heading\" data-id=\"7c9e8dd\" data-element_type=\"widget\" data-e-type=\"widget\" data-widget_type=\"heading.default\">\n\t\t\t\t<div class=\"elementor-widget-container\">\n\t\t\t\t\t<h2 class=\"elementor-heading-title elementor-size-default\">Votre panier<\/h2>\t\t\t\t<\/div>\n\t\t\t\t<\/div>\n\t\t\t\t<div class=\"elementor-element elementor-element-49cf543 elementor-widget elementor-widget-image\" data-id=\"49cf543\" data-element_type=\"widget\" data-e-type=\"widget\" data-widget_type=\"image.default\">\n\t\t\t\t<div class=\"elementor-widget-container\">\n\t\t\t\t\t\t\t\t\t\t\t\t\t\t\t<img fetchpriority=\"high\" decoding=\"async\" width=\"800\" height=\"800\" src=\"https:\/\/i0.wp.com\/sajada-souleyman.com\/wp-content\/uploads\/2022\/03\/DLFX5894_tapis-de-priere-sajada-souleyman.jpg?fit=800%2C800&amp;ssl=1\" class=\"attachment-large size-large wp-image-808\" alt=\"\" srcset=\"https:\/\/i0.wp.com\/sajada-souleyman.com\/wp-content\/uploads\/2022\/03\/DLFX5894_tapis-de-priere-sajada-souleyman.jpg?w=1200&amp;ssl=1 1200w, https:\/\/i0.wp.com\/sajada-souleyman.com\/wp-content\/uploads\/2022\/03\/DLFX5894_tapis-de-priere-sajada-souleyman.jpg?resize=300%2C300&amp;ssl=1 300w, https:\/\/i0.wp.com\/sajada-souleyman.com\/wp-content\/uploads\/2022\/03\/DLFX5894_tapis-de-priere-sajada-souleyman.jpg?resize=1024%2C1024&amp;ssl=1 1024w, https:\/\/i0.wp.com\/sajada-souleyman.com\/wp-content\/uploads\/2022\/03\/DLFX5894_tapis-de-priere-sajada-souleyman.jpg?resize=150%2C150&amp;ssl=1 150w, https:\/\/i0.wp.com\/sajada-souleyman.com\/wp-content\/uploads\/2022\/03\/DLFX5894_tapis-de-priere-sajada-souleyman.jpg?resize=768%2C768&amp;ssl=1 768w, https:\/\/i0.wp.com\/sajada-souleyman.com\/wp-content\/uploads\/2022\/03\/DLFX5894_tapis-de-priere-sajada-souleyman.jpg?resize=600%2C600&amp;ssl=1 600w, https:\/\/i0.wp.com\/sajada-souleyman.com\/wp-content\/uploads\/2022\/03\/DLFX5894_tapis-de-priere-sajada-souleyman.jpg?resize=100%2C100&amp;ssl=1 100w\" sizes=\"(max-width: 800px) 100vw, 800px\" \/>\t\t\t\t\t\t\t\t\t\t\t\t\t\t\t<\/div>\n\t\t\t\t<\/div>\n\t\t\t\t<div class=\"elementor-element elementor-element-8817898 elementor-widget elementor-widget-text-editor\" data-id=\"8817898\" data-element_type=\"widget\" data-e-type=\"widget\" data-widget_type=\"text-editor.default\">\n\t\t\t\t<div class=\"elementor-widget-container\">\n\t\t\t\t\t\t\t\t\t<p>Voici la liste des tapis confortables que vous avez command\u00e9 sur notre site.<\/p>\t\t\t\t\t\t\t\t<\/div>\n\t\t\t\t<\/div>\n\t\t\t\t\t<\/div>\n\t\t<\/div>\n\t\t\t\t\t<\/div>\n\t\t<\/section>\n\t\t\t\t<\/div>\n\t\t","protected":false},"excerpt":{"rendered":"<p>Votre panier Voici la liste des tapis confortables que vous avez command\u00e9 sur notre site. &nbsp; &nbsp; Produit Prix Quantit\u00e9 Sous-total &times; Tapis de pri\u00e8re \u00e9pais Sajada Souleyman &#8211; Bleu Turquoise 19,99&nbsp;&euro; quantit\u00e9 de Tapis de pri\u00e8re \u00e9pais Sajada Souleyman &#8211; Bleu Turquoise 39,98&nbsp;&euro; &times; Tapis de pri\u00e8re \u00e9pais Sajada Souleyman &#8211; Noir Galactic 19,99&nbsp;&euro; [&hellip;]<\/p>\n","protected":false},"author":1,"featured_media":0,"parent":0,"menu_order":0,"comment_status":"closed","ping_status":"closed","template":"","meta":{"footnotes":""},"class_list":["post-758","page","type-page","status-publish","hentry"],"jetpack_sharing_enabled":true,"_links":{"self":[{"href":"https:\/\/sajada-souleyman.com\/en\/wp-json\/wp\/v2\/pages\/758","targetHints":{"allow":["GET"]}}],"collection":[{"href":"https:\/\/sajada-souleyman.com\/en\/wp-json\/wp\/v2\/pages"}],"about":[{"href":"https:\/\/sajada-souleyman.com\/en\/wp-json\/wp\/v2\/types\/page"}],"author":[{"embeddable":true,"href":"https:\/\/sajada-souleyman.com\/en\/wp-json\/wp\/v2\/users\/1"}],"replies":[{"embeddable":true,"href":"https:\/\/sajada-souleyman.com\/en\/wp-json\/wp\/v2\/comments?post=758"}],"version-history":[{"count":0,"href":"https:\/\/sajada-souleyman.com\/en\/wp-json\/wp\/v2\/pages\/758\/revisions"}],"wp:attachment":[{"href":"https:\/\/sajada-souleyman.com\/en\/wp-json\/wp\/v2\/media?parent=758"}],"curies":[{"name":"wp","href":"https:\/\/api.w.org\/{rel}","templated":true}]}}